{"id":867,"date":"2016-04-14T11:27:08","date_gmt":"2016-04-14T11:27:08","guid":{"rendered":"https:\/\/www.ingeniumloci.com\/fr\/?page_id=867"},"modified":"2019-10-15T12:02:35","modified_gmt":"2019-10-15T12:02:35","slug":"vallee-du-rhone","status":"publish","type":"page","link":"https:\/\/www.ingeniumloci.com\/fr\/producteurs\/vallee-du-rhone\/","title":{"rendered":"Vall\u00e9e du Rh\u00f4ne"},"content":{"rendered":"<p><strong><span style=\"text-decoration: underline; color: #993300;\">VALL\u00c9E DU RH\u00d4NE<\/span><\/strong><\/p>\n<ul style=\"list-style-type: square;\">\n<li style=\"margin-bottom: 20px;\"><a href=\"https:\/\/drive.google.com\/open?id=10PW3mqPhtS0TR84RF37mLg0aZB9GfIAk\"><span style=\"color: #808080;\">Domaine Christelle Betton, Crozes-Hermitage<\/span><\/a><\/li>\n<li style=\"margin-bottom: 20px;\"><a href=\"https:\/\/drive.google.com\/open?id=1XOH71fYDTp-IuqMyVZpiSr4U2V7-dcYp\"><span style=\"color: #808080;\">Domaine Courbis, Saint-Joseph<\/span><\/a><\/li>\n<li><a href=\"https:\/\/drive.google.com\/open?id=13rVuTe2mhFRLUnDEc-KTLRl8S_cz_vrw\"><span style=\"color: #808080;\">Domaine Cr\u00e8ve-Coeur, S\u00e9guret<\/span><\/a><\/li>\n<li style=\"margin-top: 20px; margin-bottom: 20px;\"><a href=\"https:\/\/drive.google.com\/open?id=14Ou697oIym9tcZmmCmssMxiyV3ZzA5nq\"><span style=\"color: #808080;\">Domaine Julien de l&rsquo;Embisque, Boll\u00e8ne<\/span><\/a><\/li>\n<li style=\"margin-bottom: 20px;\"><a href=\"https:\/\/drive.google.com\/open?id=11DEXZRMJd6zZoVYhtwST3dPhV-03Loyc\"><span style=\"color: #808080;\">Domaine Elodie Balme, Rasteau<\/span><\/a><\/li>\n<li style=\"margin-bottom: 20px;\"><a href=\"https:\/\/drive.google.com\/open?id=1xrrMs6m2g8AZheP0oS8KXN-3-hVrASXC\"><span style=\"color: #808080;\">Domaine d&rsquo;Our\u00e9a, Vacqueyras<\/span><\/a><\/li>\n<li style=\"margin-bottom: 20px;\"><a href=\"https:\/\/drive.google.com\/open?id=1KFsNwLlZe90XUr_hXvv6Gf1zvYytA3sU\"><span style=\"color: #808080;\">Ch\u00e2teau Mourgues du Gr\u00e8s, Costi\u00e8res de N\u00eemes<\/span><\/a><\/li>\n<li style=\"margin-bottom: 20px;\"><a href=\"https:\/\/drive.google.com\/open?id=1yGgP1EENEta5Tas2_I5SrbrUU6jPtCnw\"><span style=\"color: #808080;\">Ch\u00e2teau Fontvert, Luberon<\/span><\/a><\/li>\n<\/ul>\n","protected":false},"excerpt":{"rendered":"<p>VALL\u00c9E DU RH\u00d4NE Domaine Christelle Betton, Crozes-Hermitage Domaine Courbis, Saint-Joseph Domaine Cr\u00e8ve-Coeur, S\u00e9guret Domaine Julien de l&rsquo;Embisque, Boll\u00e8ne Domaine Elodie Balme, Rasteau Domaine d&rsquo;Our\u00e9a, Vacqueyras Ch\u00e2teau Mourgues du Gr\u00e8s, Costi\u00e8res de N\u00eemes Ch\u00e2teau Fontvert, Luberon<\/p>\n","protected":false},"author":5,"featured_media":0,"parent":24,"menu_order":0,"comment_status":"closed","ping_status":"closed","template":"page-modele4.php","meta":{"footnotes":""},"class_list":["post-867","page","type-page","status-publish","hentry"],"_links":{"self":[{"href":"https:\/\/www.ingeniumloci.com\/fr\/wp-json\/wp\/v2\/pages\/867","targetHints":{"allow":["GET"]}}],"collection":[{"href":"https:\/\/www.ingeniumloci.com\/fr\/wp-json\/wp\/v2\/pages"}],"about":[{"href":"https:\/\/www.ingeniumloci.com\/fr\/wp-json\/wp\/v2\/types\/page"}],"author":[{"embeddable":true,"href":"https:\/\/www.ingeniumloci.com\/fr\/wp-json\/wp\/v2\/users\/5"}],"replies":[{"embeddable":true,"href":"https:\/\/www.ingeniumloci.com\/fr\/wp-json\/wp\/v2\/comments?post=867"}],"version-history":[{"count":5,"href":"https:\/\/www.ingeniumloci.com\/fr\/wp-json\/wp\/v2\/pages\/867\/revisions"}],"predecessor-version":[{"id":962,"href":"https:\/\/www.ingeniumloci.com\/fr\/wp-json\/wp\/v2\/pages\/867\/revisions\/962"}],"up":[{"embeddable":true,"href":"https:\/\/www.ingeniumloci.com\/fr\/wp-json\/wp\/v2\/pages\/24"}],"wp:attachment":[{"href":"https:\/\/www.ingeniumloci.com\/fr\/wp-json\/wp\/v2\/media?parent=867"}],"curies":[{"name":"wp","href":"https:\/\/api.w.org\/{rel}","templated":true}]}}