{"id":830,"date":"2016-02-19T13:20:52","date_gmt":"2016-02-19T13:20:52","guid":{"rendered":"https:\/\/www.ingeniumloci.com\/fr\/?page_id=830"},"modified":"2025-06-11T12:43:10","modified_gmt":"2025-06-11T12:43:10","slug":"bourgogne","status":"publish","type":"page","link":"https:\/\/www.ingeniumloci.com\/fr\/producteurs\/bourgogne\/","title":{"rendered":"Bourgogne"},"content":{"rendered":"<h2><strong><span style=\"text-decoration: underline; color: #993300;\">BOURGOGNE<\/span><\/strong><\/h2>\n<h3><span style=\"text-decoration: underline; color: #000000;\"><em>C\u00f4te de Beaune<\/em><\/span><\/h3>\n<ul style=\"list-style-type: square;\">\n<li style=\"margin-bottom: 20px;\"><span style=\"color: #808080;\">Domaine Bruno Colin, Chassagne-Montrachet<\/span><\/li>\n<li>Domaine Joseph Colin, Saint-Aubin<\/li>\n<\/ul>\n<h3><span style=\"text-decoration: underline;\"><em>C\u00f4te de Nuits<\/em><\/span><\/h3>\n<ul style=\"list-style-type: square;\">\n<li style=\"margin-top: 20px; margin-bottom: 20px;\"><a href=\"https:\/\/drive.google.com\/open?id=1TQUX_7udFuIvX0DCrzAK9skBLNXgPSzp\"><span style=\"color: #808080;\">Domaine Marc Roy \u00e0 Gevrey-Chambertin<\/span><\/a><\/li>\n<li style=\"margin-bottom: 20px;\"><span style=\"color: #808080;\">Domaine Denis Bachelet \u00e0 Gevrey-Chambertin<\/span><\/li>\n<li style=\"margin-bottom: 20px;\"><span style=\"color: #808080;\">Camille Giroud \u00e0 Beaune<\/span><\/li>\n<li style=\"margin-bottom: 20px;\"><a href=\"https:\/\/drive.google.com\/open?id=1evNF02tZanTx7BWwUuDsytwPmmCCLXb8\"><span style=\"color: #808080;\">Domaine Jean Fournier \u00e0 Marsannay<\/span><\/a><\/li>\n<\/ul>\n<h3><em><span style=\"text-decoration: underline;\">Chablisien<\/span><\/em><\/h3>\n<ul style=\"list-style-type: square;\">\n<li style=\"margin-bottom: 20px;\"><a href=\"https:\/\/drive.google.com\/open?id=1NpvBN2xq9e4I0nwzc2GtxpnsCYDcrY-A\"><span style=\"color: #808080;\">Domaine C\u00e9line et Fr\u00e9d\u00e9ric Gu\u00e9guen<\/span><\/a><\/li>\n<li style=\"margin-bottom: 20px;\"><a href=\"https:\/\/drive.google.com\/open?id=1ANAoRcKBkFoF_HEXjcM8HPSwq57GzJD9\"><span style=\"color: #808080;\">Domaine S\u00e9bastien Christophe<\/span><\/a><\/li>\n<li style=\"margin-bottom: 20px;\"><a href=\"https:\/\/drive.google.com\/open?id=190X5Iz2ZJFAtsNMac_aUS1L5lqvSGbKP\"><span style=\"color: #808080;\">Domaine Robert Goulley<\/span><\/a><\/li>\n<\/ul>\n<h3><span style=\"text-decoration: underline;\"><em>Maconnais<\/em><\/span><\/h3>\n<ul style=\"list-style-type: square;\">\n<li style=\"margin-bottom: 20px;\"><a href=\"https:\/\/drive.google.com\/open?id=1Dk4sZcGkxBcXebh6kj3MyiI9LMgiJ5Ah\"><span style=\"color: #808080;\">Domaine Pierre Vessigaud \u00e0 Pouilly<\/span><\/a><\/li>\n<\/ul>\n<ul style=\"list-style-type: square;\">\n<li style=\"list-style-type: none;\"><\/li>\n<\/ul>\n<p>&nbsp;<\/p>\n","protected":false},"excerpt":{"rendered":"<p>BOURGOGNE C\u00f4te de Beaune Domaine Bruno Colin, Chassagne-Montrachet Domaine Joseph Colin, Saint-Aubin C\u00f4te de Nuits Domaine Marc Roy \u00e0 Gevrey-Chambertin Domaine Denis Bachelet \u00e0 Gevrey-Chambertin Camille Giroud \u00e0 Beaune Domaine Jean Fournier \u00e0 Marsannay Chablisien Domaine C\u00e9line et Fr\u00e9d\u00e9ric Gu\u00e9guen Domaine S\u00e9bastien Christophe Domaine Robert Goulley Maconnais Domaine Pierre Vessigaud \u00e0 Pouilly &nbsp;<\/p>\n","protected":false},"author":5,"featured_media":0,"parent":24,"menu_order":0,"comment_status":"closed","ping_status":"closed","template":"page-modele4.php","meta":{"footnotes":""},"class_list":["post-830","page","type-page","status-publish","hentry"],"_links":{"self":[{"href":"https:\/\/www.ingeniumloci.com\/fr\/wp-json\/wp\/v2\/pages\/830","targetHints":{"allow":["GET"]}}],"collection":[{"href":"https:\/\/www.ingeniumloci.com\/fr\/wp-json\/wp\/v2\/pages"}],"about":[{"href":"https:\/\/www.ingeniumloci.com\/fr\/wp-json\/wp\/v2\/types\/page"}],"author":[{"embeddable":true,"href":"https:\/\/www.ingeniumloci.com\/fr\/wp-json\/wp\/v2\/users\/5"}],"replies":[{"embeddable":true,"href":"https:\/\/www.ingeniumloci.com\/fr\/wp-json\/wp\/v2\/comments?post=830"}],"version-history":[{"count":9,"href":"https:\/\/www.ingeniumloci.com\/fr\/wp-json\/wp\/v2\/pages\/830\/revisions"}],"predecessor-version":[{"id":1087,"href":"https:\/\/www.ingeniumloci.com\/fr\/wp-json\/wp\/v2\/pages\/830\/revisions\/1087"}],"up":[{"embeddable":true,"href":"https:\/\/www.ingeniumloci.com\/fr\/wp-json\/wp\/v2\/pages\/24"}],"wp:attachment":[{"href":"https:\/\/www.ingeniumloci.com\/fr\/wp-json\/wp\/v2\/media?parent=830"}],"curies":[{"name":"wp","href":"https:\/\/api.w.org\/{rel}","templated":true}]}}