{"id":80,"date":"2011-06-04T22:16:23","date_gmt":"2011-06-04T22:16:23","guid":{"rendered":"https:\/\/www.ingeniumloci.com\/?page_id=80"},"modified":"2014-11-06T16:31:06","modified_gmt":"2014-11-06T16:31:06","slug":"references","status":"publish","type":"page","link":"https:\/\/www.ingeniumloci.com\/fr\/a-propos\/references\/","title":{"rendered":"R\u00e9f\u00e9rences"},"content":{"rendered":"<h1>REFERENCES<\/h1>\n<h4>Benard Noblet, Maitre de Chai au Domaine de la Roman\u00e9e-Conti:<\/h4>\n<p><em>\u00ab\u00a0Marie-Christine est une \u00e2me passionn\u00e9e qui cherche \u00e0 d\u00e9couvrir celle des vins avec grand discernement\u00a0\u00bb<\/em><\/p>\n<h4>Alexandrine Roy, Domaine Marc Roy, Gevrey-Chambertin:<\/h4>\n<address>\n<p>\u00ab\u00a0Habituellement, je ne travaille pas avec des agents \u00e0 l\u2019export, car j\u2019aime repr\u00e9senter mes vins\u00a0 moi-m\u00eame. J\u2019ai choisi Marie-Christine comme agent, car elle est la meilleure ambassadrice pour notre Domaine et ses vins, et elle est capable de les repr\u00e9senter aussi bien que moi. Elle connait parfaitement notre philosophie et sait la communiquer. Elle apporte un supplement d\u2019\u00e2me que d\u2019autres agents n\u2019ont pas. Elle est extr\u00eamement comp\u00e9tente, tant au niveau vin qu\u2019au niveau professionnel. Elle est notre agent sur la Norv\u00e8ge depuis janvier 2012 et en tr\u00e8s peu de temps, nous avons d\u00e9j\u00e0 ressenti des am\u00e9liorations importantes. Nos ventes ont nettement augment\u00e9 ainsi que notre visibilit\u00e9 sur ce march\u00e9. ce nouvel importateur nous apporte des perspectives, des d\u00e9bouch\u00e9s,\u00a0 nous sentons un fort dynamisme commercial\u00a0 et une vraie motivation de faire connaitre nos vins.\u00a0\u00a0Marie-Christine, l\u2019importateur et moi travaillons en \u00e9quipe, ce qui est tr\u00e8s rare!\u00a0 J\u2019appr\u00e9cie beaucoup de choses dans cette collaboration avec Marie-Christine, mais ce qui me rassure le plus est qu\u2019elle connait parfaitement nos vins, elle les comprend grace \u00e0 sa sensibilit\u00e9, sa philosophie et son amour du Vin. Elle connait notre Domaine, nos vignes, chaque personne chez nous, ce qui tr\u00e8s rare chez un agent. Depuis le d\u00e9but, je savais que sa soci\u00e9t\u00e9 connaitrait un grand succ\u00e8s, car Marie-Christine poss\u00e8de les qualit\u00e9s que\u00a0 nous r\u00eavons tous de trouver chez un agent, aussi bien personnelles que professionnelles, \u00e9coute, connaissance du Vin et un grand professionnalisme. Je n\u2019h\u00e9siterais pas \u00e0 la recommander aux autres producteurs soucieux de travailler avec un agent en lequel ils peuvent avoir toute confiance. Avec Marie-Christine, je sais que mes vins sont dans les meilleures mains\u00a0\u00bb<\/p>\n<\/address>\n<address>\u00a0<\/address>\n","protected":false},"excerpt":{"rendered":"<p>REFERENCES Benard Noblet, Maitre de Chai au Domaine de la Roman\u00e9e-Conti: \u00ab\u00a0Marie-Christine est une \u00e2me passionn\u00e9e qui cherche \u00e0 d\u00e9couvrir celle des vins avec grand discernement\u00a0\u00bb Alexandrine Roy, Domaine Marc Roy, Gevrey-Chambertin: \u00ab\u00a0Habituellement, je ne travaille pas avec des agents \u00e0 l\u2019export, car j\u2019aime repr\u00e9senter mes vins\u00a0 moi-m\u00eame. J\u2019ai choisi Marie-Christine comme agent, car elle [&hellip;]<\/p>\n","protected":false},"author":6,"featured_media":0,"parent":21,"menu_order":4,"comment_status":"closed","ping_status":"closed","template":"page-modele1.php","meta":{"footnotes":""},"class_list":["post-80","page","type-page","status-publish","hentry"],"_links":{"self":[{"href":"https:\/\/www.ingeniumloci.com\/fr\/wp-json\/wp\/v2\/pages\/80","targetHints":{"allow":["GET"]}}],"collection":[{"href":"https:\/\/www.ingeniumloci.com\/fr\/wp-json\/wp\/v2\/pages"}],"about":[{"href":"https:\/\/www.ingeniumloci.com\/fr\/wp-json\/wp\/v2\/types\/page"}],"author":[{"embeddable":true,"href":"https:\/\/www.ingeniumloci.com\/fr\/wp-json\/wp\/v2\/users\/6"}],"replies":[{"embeddable":true,"href":"https:\/\/www.ingeniumloci.com\/fr\/wp-json\/wp\/v2\/comments?post=80"}],"version-history":[{"count":35,"href":"https:\/\/www.ingeniumloci.com\/fr\/wp-json\/wp\/v2\/pages\/80\/revisions"}],"predecessor-version":[{"id":199,"href":"https:\/\/www.ingeniumloci.com\/fr\/wp-json\/wp\/v2\/pages\/80\/revisions\/199"}],"up":[{"embeddable":true,"href":"https:\/\/www.ingeniumloci.com\/fr\/wp-json\/wp\/v2\/pages\/21"}],"wp:attachment":[{"href":"https:\/\/www.ingeniumloci.com\/fr\/wp-json\/wp\/v2\/media?parent=80"}],"curies":[{"name":"wp","href":"https:\/\/api.w.org\/{rel}","templated":true}]}}