{"id":24,"date":"2011-06-04T15:35:44","date_gmt":"2011-06-04T15:35:44","guid":{"rendered":"https:\/\/www.ingeniumloci.com\/?page_id=24"},"modified":"2019-10-29T12:07:27","modified_gmt":"2019-10-29T12:07:27","slug":"producteurs","status":"publish","type":"page","link":"https:\/\/www.ingeniumloci.com\/fr\/producteurs\/","title":{"rendered":"PRODUCTEURS"},"content":{"rendered":"<p>L&rsquo;objet d&rsquo;Ingenium Loci Wines AS est d&rsquo;aider les producteurs talentueux de France \u00e0 d\u00e9velopper leurs ventes \u00e0 l&rsquo;international, ainsi que de promouvoir leur \u0153uvre et leur philosophie pour que leur travail soit connu et reconnu.<\/p>\n<p>Ces producteurs ont une vraie volont\u00e9 d\u2019expression de leur terroir s\u2019appuyant sur des pratiques viticulturales et de vinification de haute qualit\u00e9. Leurs\u00a0 vins s\u2019expriment dans la puret\u00e9, la finesse et l\u2019\u00e9l\u00e9gance.<\/p>\n","protected":false},"excerpt":{"rendered":"<p>L&rsquo;objet d&rsquo;Ingenium Loci Wines AS est d&rsquo;aider les producteurs talentueux de France \u00e0 d\u00e9velopper leurs ventes \u00e0 l&rsquo;international, ainsi que de promouvoir leur \u0153uvre et leur philosophie pour que leur travail soit connu et reconnu. Ces producteurs ont une vraie volont\u00e9 d\u2019expression de leur terroir s\u2019appuyant sur des pratiques viticulturales et de vinification de haute [&hellip;]<\/p>\n","protected":false},"author":6,"featured_media":0,"parent":0,"menu_order":4,"comment_status":"closed","ping_status":"closed","template":"page-modele4.php","meta":{"footnotes":""},"class_list":["post-24","page","type-page","status-publish","hentry"],"_links":{"self":[{"href":"https:\/\/www.ingeniumloci.com\/fr\/wp-json\/wp\/v2\/pages\/24","targetHints":{"allow":["GET"]}}],"collection":[{"href":"https:\/\/www.ingeniumloci.com\/fr\/wp-json\/wp\/v2\/pages"}],"about":[{"href":"https:\/\/www.ingeniumloci.com\/fr\/wp-json\/wp\/v2\/types\/page"}],"author":[{"embeddable":true,"href":"https:\/\/www.ingeniumloci.com\/fr\/wp-json\/wp\/v2\/users\/6"}],"replies":[{"embeddable":true,"href":"https:\/\/www.ingeniumloci.com\/fr\/wp-json\/wp\/v2\/comments?post=24"}],"version-history":[{"count":29,"href":"https:\/\/www.ingeniumloci.com\/fr\/wp-json\/wp\/v2\/pages\/24\/revisions"}],"predecessor-version":[{"id":1013,"href":"https:\/\/www.ingeniumloci.com\/fr\/wp-json\/wp\/v2\/pages\/24\/revisions\/1013"}],"wp:attachment":[{"href":"https:\/\/www.ingeniumloci.com\/fr\/wp-json\/wp\/v2\/media?parent=24"}],"curies":[{"name":"wp","href":"https:\/\/api.w.org\/{rel}","templated":true}]}}